{"id":232,"date":"2021-02-07T16:25:17","date_gmt":"2021-02-07T16:25:17","guid":{"rendered":"https:\/\/charly.froger.de\/?page_id=232"},"modified":"2021-02-10T15:17:43","modified_gmt":"2021-02-10T15:17:43","slug":"home","status":"publish","type":"page","link":"https:\/\/froger.de\/","title":{"rendered":"home"},"content":{"rendered":"<p><img loading=\"lazy\" decoding=\"async\" class=\"alignnone size-medium wp-image-233\" src=\"https:\/\/charly.froger.de\/wp-content\/uploads\/2021\/02\/kari_myself-207x300.jpg\" alt=\"\" width=\"207\" height=\"300\" srcset=\"https:\/\/froger.de\/wp-content\/uploads\/2021\/02\/kari_myself-207x300.jpg 207w, https:\/\/froger.de\/wp-content\/uploads\/2021\/02\/kari_myself.jpg 400w\" sizes=\"auto, (max-width: 207px) 100vw, 207px\" \/><\/p>\n<blockquote><p>Das Leben als K\u00fcnstler h\u00e4lt immer wieder Ver\u00e4nderungen und \u00dcberraschungen parat.<\/p><\/blockquote>\n<p>So auch meins.<\/p>\n<p>Ich hatte damals zu Beginn meiner Laufbahn nicht gedacht, in wieviele verschiedene Richtungen mein Schaffen gehen w\u00fcrde. Vermehrt aus Neugierde, teils auch aus Verdienstm\u00f6glichkeiten. Dass aus dem (Kulissen-) Maler auch ein Grafikdesigner werden w\u00fcrde, hatte ich nicht erwartet. Aber um meine freien Arbeiten zu finanzieren, war ich nat\u00fcrlich auch immer auf Auftr\u00e4ge angewiesen. Und die bearbeite ich auch heute noch. Grafik f\u00fcr Druckauftr\u00e4ge, Illustrationen, Logos und auch kleine Webseiten, so wie diese hier.<\/p>\n<p>So werdet ihr beim St\u00f6bern auf dieser Seite unter Jobs einige Arbeiten finden, die auf Kundenw\u00fcnschen basieren, aber immer meinen pers\u00f6nlichen Stil beinhalten.<br \/>\nUnter den anderen Men\u00fcpunkten befinden sich Arbeiten aus verschiedenen Schaffensphasen, in denen sich auch h\u00e4ufig die Pr\u00e4senz der Verbindung aus Humor und Kritik zeigt.<br \/>\nIn den letzten Jahren sind dann vermehrt plastische Arbeiten aus Holz dazugekommen und Texte, Texte, Texte&#8230;<\/p>\n<p>Einige dieser Werke sind nat\u00fcrlich auch k\u00e4uflich zu erwerben.<br \/>\nKontaktet mich einfach.<\/p>\n","protected":false},"excerpt":{"rendered":"<p>Das Leben als K\u00fcnstler h\u00e4lt immer wieder Ver\u00e4nderungen und \u00dcberraschungen parat. So auch meins. Ich hatte damals zu Beginn meiner Laufbahn nicht gedacht, in wieviele verschiedene Richtungen mein Schaffen gehen w\u00fcrde. Vermehrt aus Neugierde, teils auch aus Verdienstm\u00f6glichkeiten. Dass aus dem (Kulissen-) Maler auch ein Grafikdesigner werden w\u00fcrde, hatte ich nicht erwartet. Aber um meine &hellip; <\/p>\n<p class=\"link-more\"><a href=\"https:\/\/froger.de\/\" class=\"more-link\"><span class=\"screen-reader-text\">\u201ehome\u201c <\/span>weiterlesen<\/a><\/p>\n","protected":false},"author":1,"featured_media":0,"parent":0,"menu_order":0,"comment_status":"closed","ping_status":"closed","template":"","meta":{"footnotes":""},"class_list":["post-232","page","type-page","status-publish","hentry"],"_links":{"self":[{"href":"https:\/\/froger.de\/index.php\/wp-json\/wp\/v2\/pages\/232","targetHints":{"allow":["GET"]}}],"collection":[{"href":"https:\/\/froger.de\/index.php\/wp-json\/wp\/v2\/pages"}],"about":[{"href":"https:\/\/froger.de\/index.php\/wp-json\/wp\/v2\/types\/page"}],"author":[{"embeddable":true,"href":"https:\/\/froger.de\/index.php\/wp-json\/wp\/v2\/users\/1"}],"replies":[{"embeddable":true,"href":"https:\/\/froger.de\/index.php\/wp-json\/wp\/v2\/comments?post=232"}],"version-history":[{"count":9,"href":"https:\/\/froger.de\/index.php\/wp-json\/wp\/v2\/pages\/232\/revisions"}],"predecessor-version":[{"id":752,"href":"https:\/\/froger.de\/index.php\/wp-json\/wp\/v2\/pages\/232\/revisions\/752"}],"wp:attachment":[{"href":"https:\/\/froger.de\/index.php\/wp-json\/wp\/v2\/media?parent=232"}],"curies":[{"name":"wp","href":"https:\/\/api.w.org\/{rel}","templated":true}]}}