{"id":430,"date":"2021-02-08T14:53:29","date_gmt":"2021-02-08T14:53:29","guid":{"rendered":"https:\/\/charly.froger.de\/?page_id=430"},"modified":"2021-02-12T14:36:27","modified_gmt":"2021-02-12T14:36:27","slug":"erwischt-der-comic","status":"publish","type":"page","link":"https:\/\/froger.de\/index.php\/erwischt-der-comic\/","title":{"rendered":"Erwischt der Comic"},"content":{"rendered":"<p>Horst treibt es heimlich mit Nicole. Kurt nimmt so gut wie jedes M\u00e4del und Vera ist eine idealisierte Schlampe. Eigentlich ganz normal und kein Problem &#8211; wenn da nicht die Kinder w\u00e4ren. In dieser Kom\u00f6die bleibt kein Auge trocken, kein Wort unausgesprochen. Verf\u00fchrung, Sex, Wunden, Vaterfreuden, Hass, Zorn, Liebe, Entt\u00e4uschung und Eifersucht, alles was eine gute Geschichte braucht. Wahrheit kann so zum Lachen sein und ein Partnertausch f\u00fchrt nicht zwangsl\u00e4ufig f\u00fcr jeden zum Happy End.<\/p>\n<p>Stimmen zum Buch: Das Buch hat mich wirklich sehr gut unterhalten, um nicht zu sagen voll Erwischt . Von herzhaftem Lachen bis hin zu einem leicht melancholischem Gef\u00fchl war alles dabei. Die Zeichnungen spr\u00fchen nur so von Kraft und Witz. Das Buch darf in keiner Sammlung fehlen!<\/p>\n<p>Gro\u00dfartig! <em>Carsten Pape<\/em><\/p>\n<p>Wenn Caveman in Punkto Zweisamkeit noch Fragen offen gelassen hat &#8211; hier werden sie beantwortet! Das Standartwerk \u00fcber Beziehungen! <em>Burkhard Schmeer<\/em><\/p>\n<p><img loading=\"lazy\" decoding=\"async\" class=\"alignnone size-medium wp-image-431\" src=\"https:\/\/charly.froger.de\/wp-content\/uploads\/2021\/02\/enttaeuschung-171x300.jpg\" alt=\"\" width=\"171\" height=\"300\" srcset=\"https:\/\/froger.de\/wp-content\/uploads\/2021\/02\/enttaeuschung-171x300.jpg 171w, https:\/\/froger.de\/wp-content\/uploads\/2021\/02\/enttaeuschung.jpg 300w\" sizes=\"auto, (max-width: 171px) 100vw, 171px\" \/><\/p>\n<p>HolzheimerVerlag Charly Kr\u00f6kel ERWISCHT der Comic<br \/>\nund wenn es da nicht klappt: online suchen<\/p>\n","protected":false},"excerpt":{"rendered":"<p>Horst treibt es heimlich mit Nicole. Kurt nimmt so gut wie jedes M\u00e4del und Vera ist eine idealisierte Schlampe. Eigentlich ganz normal und kein Problem &#8211; wenn da nicht die Kinder w\u00e4ren. In dieser Kom\u00f6die bleibt kein Auge trocken, kein Wort unausgesprochen. Verf\u00fchrung, Sex, Wunden, Vaterfreuden, Hass, Zorn, Liebe, Entt\u00e4uschung und Eifersucht, alles was eine &hellip; <\/p>\n<p class=\"link-more\"><a href=\"https:\/\/froger.de\/index.php\/erwischt-der-comic\/\" class=\"more-link\"><span class=\"screen-reader-text\">\u201eErwischt der Comic\u201c <\/span>weiterlesen<\/a><\/p>\n","protected":false},"author":1,"featured_media":432,"parent":0,"menu_order":0,"comment_status":"closed","ping_status":"closed","template":"","meta":{"footnotes":""},"class_list":["post-430","page","type-page","status-publish","has-post-thumbnail","hentry"],"_links":{"self":[{"href":"https:\/\/froger.de\/index.php\/wp-json\/wp\/v2\/pages\/430","targetHints":{"allow":["GET"]}}],"collection":[{"href":"https:\/\/froger.de\/index.php\/wp-json\/wp\/v2\/pages"}],"about":[{"href":"https:\/\/froger.de\/index.php\/wp-json\/wp\/v2\/types\/page"}],"author":[{"embeddable":true,"href":"https:\/\/froger.de\/index.php\/wp-json\/wp\/v2\/users\/1"}],"replies":[{"embeddable":true,"href":"https:\/\/froger.de\/index.php\/wp-json\/wp\/v2\/comments?post=430"}],"version-history":[{"count":4,"href":"https:\/\/froger.de\/index.php\/wp-json\/wp\/v2\/pages\/430\/revisions"}],"predecessor-version":[{"id":807,"href":"https:\/\/froger.de\/index.php\/wp-json\/wp\/v2\/pages\/430\/revisions\/807"}],"wp:featuredmedia":[{"embeddable":true,"href":"https:\/\/froger.de\/index.php\/wp-json\/wp\/v2\/media\/432"}],"wp:attachment":[{"href":"https:\/\/froger.de\/index.php\/wp-json\/wp\/v2\/media?parent=430"}],"curies":[{"name":"wp","href":"https:\/\/api.w.org\/{rel}","templated":true}]}}