{"id":7,"date":"2021-02-04T16:22:14","date_gmt":"2021-02-04T16:22:14","guid":{"rendered":"https:\/\/charly.froger.de\/?page_id=7"},"modified":"2021-11-30T16:39:38","modified_gmt":"2021-11-30T16:39:38","slug":"impressum","status":"publish","type":"page","link":"https:\/\/froger.de\/index.php\/impressum\/","title":{"rendered":"Impressum"},"content":{"rendered":"<div id=\"id3\" class=\"graphic_textbox_style_default\">\n<div>\n<div class=\"graphic_textbox_layout_style_default\">\n<div class=\"paragraph Free_Form\"><img loading=\"lazy\" decoding=\"async\" class=\"alignnone size-medium wp-image-8\" src=\"https:\/\/froger.de\/wp-content\/uploads\/2021\/02\/charly-kroekel_1a-289x300.jpg\" alt=\"\" width=\"289\" height=\"300\" \/><\/div>\n<div><em>(Foto: Tomas Laukat)<\/em><\/div>\n<p>&nbsp;<\/p>\n<p class=\"paragraph Free_Form\"><strong>charly kr\u00f6kel<\/strong><br \/>\ngeb. 1960, 1980 mit abitur ins leben entlassen, danach mehrere jahre t\u00e4tig im theater- und showgesch\u00e4ft als b\u00fchnenmaler, requisiteur und b\u00fchnenbildassistent (theater l\u00fcneburg, mr. cox, clowns und helden),<br \/>\nseit 1987 status als freier k\u00fcnstler<br \/>\nmit schwerpunkten in karikatur, illustration und als kulissenmaler (schmidts tivoli, schmidt theater, ausstellungen mit verschiedenen themen in mehreren deutschen st\u00e4dten),<br \/>\nseit 89 und 91 vater von zwei kindern, alles jungs,<br \/>\nmitte der 90er \u00e4nderung des t\u00e4tigkeitsfeldes zum grafikdesigner und illustrator und b\u00fchnendesign f\u00fcr bands (roh, pape) und heute immer noch dabei.<\/p>\n<div class=\"paragraph Free_Form\">Lange Str. 42 \u00b7 D 29459 Clenze<br \/>\ntel 01577 608 20 20<\/div>\n<div class=\"paragraph Free_Form\">mail: <a title=\"mailto:charly@froger.de\" href=\"mailto:charly@froger.de\">charly@froger.de<\/a><\/div>\n<\/div>\n<\/div>\n<\/div>\n","protected":false},"excerpt":{"rendered":"<p>(Foto: Tomas Laukat) &nbsp; charly kr\u00f6kel geb. 1960, 1980 mit abitur ins leben entlassen, danach mehrere jahre t\u00e4tig im theater- und showgesch\u00e4ft als b\u00fchnenmaler, requisiteur und b\u00fchnenbildassistent (theater l\u00fcneburg, mr. cox, clowns und helden), seit 1987 status als freier k\u00fcnstler mit schwerpunkten in karikatur, illustration und als kulissenmaler (schmidts tivoli, schmidt theater, ausstellungen mit verschiedenen &hellip; <\/p>\n<p class=\"link-more\"><a href=\"https:\/\/froger.de\/index.php\/impressum\/\" class=\"more-link\"><span class=\"screen-reader-text\">\u201eImpressum\u201c <\/span>weiterlesen<\/a><\/p>\n","protected":false},"author":1,"featured_media":0,"parent":0,"menu_order":0,"comment_status":"closed","ping_status":"closed","template":"","meta":{"footnotes":""},"class_list":["post-7","page","type-page","status-publish","hentry"],"_links":{"self":[{"href":"https:\/\/froger.de\/index.php\/wp-json\/wp\/v2\/pages\/7","targetHints":{"allow":["GET"]}}],"collection":[{"href":"https:\/\/froger.de\/index.php\/wp-json\/wp\/v2\/pages"}],"about":[{"href":"https:\/\/froger.de\/index.php\/wp-json\/wp\/v2\/types\/page"}],"author":[{"embeddable":true,"href":"https:\/\/froger.de\/index.php\/wp-json\/wp\/v2\/users\/1"}],"replies":[{"embeddable":true,"href":"https:\/\/froger.de\/index.php\/wp-json\/wp\/v2\/comments?post=7"}],"version-history":[{"count":9,"href":"https:\/\/froger.de\/index.php\/wp-json\/wp\/v2\/pages\/7\/revisions"}],"predecessor-version":[{"id":900,"href":"https:\/\/froger.de\/index.php\/wp-json\/wp\/v2\/pages\/7\/revisions\/900"}],"wp:attachment":[{"href":"https:\/\/froger.de\/index.php\/wp-json\/wp\/v2\/media?parent=7"}],"curies":[{"name":"wp","href":"https:\/\/api.w.org\/{rel}","templated":true}]}}