{"id":781,"date":"2021-02-12T13:48:07","date_gmt":"2021-02-12T13:48:07","guid":{"rendered":"https:\/\/charly.froger.de\/?page_id=781"},"modified":"2021-02-12T14:02:48","modified_gmt":"2021-02-12T14:02:48","slug":"die-steine-sind-weg","status":"publish","type":"page","link":"https:\/\/froger.de\/index.php\/die-steine-sind-weg\/","title":{"rendered":"Die Steine sind weg"},"content":{"rendered":"<div id=\"id1\" class=\"graphic_generic_title_textbox_style_default\">\n<div>\n<div class=\"Normal\">\n<div class=\"paragraph Summary_Title\"><strong><img loading=\"lazy\" decoding=\"async\" class=\"alignnone size-medium wp-image-782\" src=\"https:\/\/charly.froger.de\/wp-content\/uploads\/2021\/02\/CIMG0310-300x225.jpg\" alt=\"\" width=\"300\" height=\"225\" srcset=\"https:\/\/froger.de\/wp-content\/uploads\/2021\/02\/CIMG0310-300x225.jpg 300w, https:\/\/froger.de\/wp-content\/uploads\/2021\/02\/CIMG0310.jpg 400w\" sizes=\"auto, (max-width: 300px) 100vw, 300px\" \/><\/strong><\/div>\n<div><\/div>\n<p><strong><br \/>\nDie Steine sind weg<\/strong><\/p>\n<\/div>\n<\/div>\n<\/div>\n<div class=\"tinyText\"><\/div>\n<div class=\"graphic_generic_body_textbox_style_default\">\n<div>\n<div class=\"Normal\">\n<div class=\"paragraph Free_Form\">Strand soweit das Auge reicht. Naturstrand, Steilk\u00fcste und Sandstrand einmal um die ganze Insel, achtundsiebzig Kilometer, Fl\u00e4che ohne Ende w\u00fcrde man denken. Fehmarn, emporgehoben aus dem Meer, wie ein Fels in der Brandung. Entstanden aus Vulkanausbr\u00fcchen, Erdverschiebungen und Eiszeiten in hunderttausenden von Jahren &#8230;<\/div>\n<div class=\"paragraph Free_Form\">\n<p>Nur der Fels nimmt ab. Ein Ph\u00e4nomen au\u00dferhalb jeglicher Naturgewalten. Ein seit Jahren bekanntes Problem, aber dennoch verschwiegen. Nur langsam formiert sich eine Gruppe \u00f6kologischer Aktivisten, um diesem Fortschreiten Einhalt zu gebieten. Ein brisantes Thema in der Tourismusbranche und aus Angst vor Einbu\u00dfen im Ferienparadies bisher nicht publiziert. Dreihunderttausend Urlaubsg\u00e4ste kommen j\u00e4hrlich auf diese Insel, die Dunkelziffer liegt weit h\u00f6her. Sie kommen mit Wohnmobilen, Autos und Caravans, per Schiff oder per Bahn, mit dem Motorrad und sogar dem Fahrrad und ergie\u00dfen sich \u00fcber die Inselstr\u00e4nde. Menschen aller Schichten hier der Arbeiter dort der Handwerker und daneben der Gewerbetreibende, Soziologen, P\u00e4dagogen, Arbeitslose. Familien mit Kleinkindern, Senioren, Ledige und Anhangsuchende, sie alle erkunden mehr oder weniger die Natur diese Eilands. Mal die Seele baumeln lassen, Sport treiben oder bei Bier und Grillwurst das Leben genie\u00dfen, wer h\u00e4tte etwas dagegen. Am Strand zu stehen und den Blick in die Ferne schweifen lassen. Nur der Blick geht nicht \u00fcbers Wasser, weit gefehlt, er geht auf den Boden. Dort entdecken viele pl\u00f6tzlich den Geologen, Pal\u00e4ontologen und den Schatzsucher in sich. So stehen sie da, bewaffnet mit Plastikt\u00fcten, Stoffbeuteln und Kinderspieleimern, gro\u00df und klein, alt und jung und durchsuchen die K\u00fcste.<\/p>\n<p>Magmamite, Sedimente, Metamorphite, alles wird begutachtet, abgew\u00e4gt und landet nicht selten in den Transporthilfen. Hier ein Gneis, dort ein Quarz, die Versteinerung eines Seeigels oder einer Schnecke das sind die Sch\u00e4tze, die jedes Jahr in Mengen auf diese Weise die Insel verlassen. Jahrzehntelang von der wogenden Kraft des Wassers glatt geschliffen, wandern sie handschmeichlerisch ins Binnenland.<\/p>\n<p>Nehmen wir mal das Durchschnittsgewicht eines Steines mit f\u00fcnfzig Gramm an, so kommt bei einer Ausbeute von zwanzig Exemplaren ein Kilo pro Person zusammen. Bei dreihunderttausend Besuchern sind das dann 300 Tonnen, also in den letzten f\u00fcnfzig Jahren f\u00fcnfzehntausend Tonnen. Soll ich noch weiter machen?<br \/>\nDies sind nat\u00fcrlich nur Durchschnittswerte aber Extrembeispiele wie Hubert S. aus W., meinen Weg zur Garage habe ich komplett mit Kieseln von Fehmarn gepflastert, lassen weit aus Schlimmeres bef\u00fcrchten. Ist dann die Forderung der \u00d6koaktivisten, eine Zollstation an der Fehmarnsundbr\u00fccke einzurichten, \u00fcbertrieben, oder verschlie\u00dft die Tourismusbeh\u00f6rde die Augen vor einen Umweltdesaster. Wenn die ersten Camper mit einem LKW anreisen, k\u00f6nnte die Lage bedrohlich werden.<br \/>\nDas allm\u00e4hliche Ansteigen des Meeresspiegels verlangt doch eher das Gegenteil.<br \/>\nBringt Steine mit, wenn ihr in den Urlaub fahrt.<\/p>\n<\/div>\n<\/div>\n<\/div>\n<\/div>\n","protected":false},"excerpt":{"rendered":"<p>Die Steine sind weg Strand soweit das Auge reicht. Naturstrand, Steilk\u00fcste und Sandstrand einmal um die ganze Insel, achtundsiebzig Kilometer, Fl\u00e4che ohne Ende w\u00fcrde man denken. Fehmarn, emporgehoben aus dem Meer, wie ein Fels in der Brandung. Entstanden aus Vulkanausbr\u00fcchen, Erdverschiebungen und Eiszeiten in hunderttausenden von Jahren &#8230; Nur der Fels nimmt ab. Ein Ph\u00e4nomen &hellip; <\/p>\n<p class=\"link-more\"><a href=\"https:\/\/froger.de\/index.php\/die-steine-sind-weg\/\" class=\"more-link\"><span class=\"screen-reader-text\">\u201eDie Steine sind weg\u201c <\/span>weiterlesen<\/a><\/p>\n","protected":false},"author":1,"featured_media":0,"parent":0,"menu_order":0,"comment_status":"closed","ping_status":"closed","template":"","meta":{"footnotes":""},"class_list":["post-781","page","type-page","status-publish","hentry"],"_links":{"self":[{"href":"https:\/\/froger.de\/index.php\/wp-json\/wp\/v2\/pages\/781","targetHints":{"allow":["GET"]}}],"collection":[{"href":"https:\/\/froger.de\/index.php\/wp-json\/wp\/v2\/pages"}],"about":[{"href":"https:\/\/froger.de\/index.php\/wp-json\/wp\/v2\/types\/page"}],"author":[{"embeddable":true,"href":"https:\/\/froger.de\/index.php\/wp-json\/wp\/v2\/users\/1"}],"replies":[{"embeddable":true,"href":"https:\/\/froger.de\/index.php\/wp-json\/wp\/v2\/comments?post=781"}],"version-history":[{"count":6,"href":"https:\/\/froger.de\/index.php\/wp-json\/wp\/v2\/pages\/781\/revisions"}],"predecessor-version":[{"id":792,"href":"https:\/\/froger.de\/index.php\/wp-json\/wp\/v2\/pages\/781\/revisions\/792"}],"wp:attachment":[{"href":"https:\/\/froger.de\/index.php\/wp-json\/wp\/v2\/media?parent=781"}],"curies":[{"name":"wp","href":"https:\/\/api.w.org\/{rel}","templated":true}]}}